    {"id":525,"date":"2021-11-02T14:34:18","date_gmt":"2021-11-02T14:34:18","guid":{"rendered":"https:\/\/pielsaludablespa.com\/producto\/aparatologia-facial\/"},"modified":"2025-05-26T03:54:13","modified_gmt":"2025-05-26T03:54:13","slug":"aparatologia-facial","status":"publish","type":"product","link":"https:\/\/pielsaludablespa.com\/es\/producto\/aparatologia-facial\/","title":{"rendered":"Aparatolog\u00eda facial"},"content":{"rendered":"<h4 class=\"textNegro\">\u00bfQu\u00e9 aprender\u00e1s en este curso?<\/h4>\n<ul>\n<li>\u00bfQu\u00e9 es microdermoabrasi\u00f3n?<\/li>\n<li>\u00bfQu\u00e9 es el hydrafacial?<\/li>\n<li>Diferencias entre Micro e hydrafacial.<\/li>\n<li>\u00bfQu\u00e9 es el dermapen?<\/li>\n<ul>\n<li>Tipos de puntas<\/li>\n<li>Profundidad de la aguja dependiendo del \u00e1rea de la piel<\/li>\n<\/ul>\n<li>\u00bfQu\u00e9 es la fototerapia?<\/li>\n<\/ul>\n","protected":false},"excerpt":{"rendered":"<h4 class=\"textNegro\">\u00a1Convi\u00e9rtete en una experta en tratamientos faciales!<\/h4>\n<p>Si lo que deseas es aprender las t\u00e9cnicas de rejuvenecimiento facial, eliminaci\u00f3n de manchas, eliminaci\u00f3n de c\u00e9lulas muertas, disminuci\u00f3n de cicatrices de acn\u00e9, nutrici\u00f3n, hidrataci\u00f3n y luminosidad para la piel, este curso es para ti.<\/p>\n<h5 class=\"textNegro\">\u00bfQuieres llevar tu carrera a otro nivel?<\/h5>\n<p class=\"uppercase\">APRENDE EN MENOS DE 10 MINUTOS Y VU\u00c9LVETE EXPERTA<\/p>\n","protected":false},"featured_media":459,"comment_status":"open","ping_status":"closed","template":"","meta":[],"product_brand":[],"product_cat":[82,84,83],"product_tag":[],"class_list":{"0":"post-525","1":"product","2":"type-product","3":"status-publish","4":"has-post-thumbnail","6":"product_cat-curso-faciales","7":"product_cat-cursos-de-estetica","8":"product_cat-tratamientos-de-estetica","10":"first","11":"instock","12":"virtual","13":"purchasable","14":"product-type-subscription"},"_links":{"self":[{"href":"https:\/\/pielsaludablespa.com\/es\/wp-json\/wp\/v2\/product\/525","targetHints":{"allow":["GET"]}}],"collection":[{"href":"https:\/\/pielsaludablespa.com\/es\/wp-json\/wp\/v2\/product"}],"about":[{"href":"https:\/\/pielsaludablespa.com\/es\/wp-json\/wp\/v2\/types\/product"}],"replies":[{"embeddable":true,"href":"https:\/\/pielsaludablespa.com\/es\/wp-json\/wp\/v2\/comments?post=525"}],"wp:featuredmedia":[{"embeddable":true,"href":"https:\/\/pielsaludablespa.com\/es\/wp-json\/wp\/v2\/media\/459"}],"wp:attachment":[{"href":"https:\/\/pielsaludablespa.com\/es\/wp-json\/wp\/v2\/media?parent=525"}],"wp:term":[{"taxonomy":"product_brand","embeddable":true,"href":"https:\/\/pielsaludablespa.com\/es\/wp-json\/wp\/v2\/product_brand?post=525"},{"taxonomy":"product_cat","embeddable":true,"href":"https:\/\/pielsaludablespa.com\/es\/wp-json\/wp\/v2\/product_cat?post=525"},{"taxonomy":"product_tag","embeddable":true,"href":"https:\/\/pielsaludablespa.com\/es\/wp-json\/wp\/v2\/product_tag?post=525"}],"curies":[{"name":"wp","href":"https:\/\/api.w.org\/{rel}","templated":true}]}}